{"id":15,"date":"2018-12-06T20:32:58","date_gmt":"2018-12-06T20:32:58","guid":{"rendered":"http:\/\/hms-seelze.de\/?page_id=15"},"modified":"2025-01-05T19:46:00","modified_gmt":"2025-01-05T19:46:00","slug":"impressum","status":"publish","type":"page","link":"https:\/\/hms-seelze.de\/?page_id=15","title":{"rendered":"Impressum"},"content":{"rendered":"\n<p><strong>Angaben\ngem\u00e4\u00df \u00a75 TMG:<\/strong><\/p>\n\n\n\n<p>Historische Maschinen Seelze e.V.<br> Petersenstra\u00dfe 15<br> 30926 Seelze<\/p>\n\n\n\n<p><strong>Kontakt:<\/strong><br> Telefon: 0172 &#8211; 510 8250<br> eMail: <a href=\"mailto:info@hms-seelze.de\">info@hms-seelze.de<\/a><\/p>\n\n\n\n<p><strong>Vertreten durch:<\/strong><br> Dieter Leinemann, Petersenstra\u00dfe 15, 30926 Seelze<\/p>\n\n\n\n<p><strong>Registrierung:<\/strong><br>\nEingetragen im Vereinsregister Amtsgericht Hannover<br>\nRegisternummer: VR 201 092<\/p>\n\n\n\n<p><strong>Verantwortlich f\u00fcr den Inhalt nach \u00a755, Absatz 2 RStV:<\/strong><br> Dieter Leinemann, Petersenstra\u00dfe 15, 30926 Seelze<\/p>\n\n\n\n<p><\/p>\n\n\n\n<p><strong>Disclaimer:<\/strong><\/p>\n\n\n\n<hr class=\"wp-block-separator has-css-opacity\"\/>\n\n\n\n<p><strong>Haftung f\u00fcr Inhalte:<\/strong><\/p>\n\n\n\n<p>Als\nDiensteanbieter sind wir gem\u00e4\u00df \u00a7 7 Abs.1 TMG f\u00fcr eigene Inhalte auf diesen\nSeiten nach den allgemeinen Gesetzen verantwortlich. Nach \u00a7\u00a7 8 bis 10 TMG sind\nwir als Diensteanbieter jedoch nicht verpflichtet, \u00fcbermittelte oder\ngespeicherte fremde Informationen zu \u00fcberwachen oder nach Umst\u00e4nden zu\nforschen, die auf eine rechtswidrige T\u00e4tigkeit hinweisen. Verpflichtungen zur\nEntfernung oder Sperrung der Nutzung von Informationen nach den allgemeinen\nGesetzen bleiben hiervon unber\u00fchrt. Eine diesbez\u00fcgliche Haftung ist jedoch erst\nab dem Zeitpunkt der Kenntnis einer konkreten Rechtsverletzung m\u00f6glich. Bei\nBekanntwerden von entsprechenden Rechtsverletzungen werden wir diese Inhalte\numgehend entfernen.<\/p>\n\n\n\n<p><strong>Haftung f\u00fcr Links:<\/strong><\/p>\n\n\n\n<p>Unser\nAngebot enth\u00e4lt Links zu externen Webseiten Dritter, auf deren Inhalte wir\nkeinen Einfluss haben. Deshalb k\u00f6nnen wir f\u00fcr diese fremden Inhalte auch keine\nGew\u00e4hr \u00fcbernehmen. F\u00fcr die Inhalte der verlinkten Seiten ist stets der\njeweilige Anbieter oder Betreiber der Seiten verantwortlich. Die verlinkten\nSeiten wurden zum Zeitpunkt der Verlinkung auf m\u00f6gliche Rechtsverst\u00f6\u00dfe\n\u00fcberpr\u00fcft. Rechtswidrige Inhalte waren zum Zeitpunkt der Verlinkung nicht\nerkennbar. Eine permanente inhaltliche Kontrolle der verlinkten Seiten ist\njedoch ohne konkrete Anhaltspunkte einer Rechtsverletzung nicht zumutbar. Bei\nBekanntwerden von Rechtsverletzungen werden wir derartige Links umgehend\nentfernen.<\/p>\n\n\n\n<p><strong>Urheberrecht:<\/strong><\/p>\n\n\n\n<p>Die durch die\nSeitenbetreiber erstellten Inhalte und Werke auf diesen Seiten unterliegen dem\ndeutschen Urheberrecht. Die Vervielf\u00e4ltigung, Bearbeitung, Verbreitung und jede\nArt der Verwertung au\u00dferhalb der Grenzen des Urheberrechtes bed\u00fcrfen der\nschriftlichen Zustimmung des jeweiligen Autors bzw. Erstellers. Downloads und\nKopien dieser Seite sind nur f\u00fcr den privaten, nicht kommerziellen Gebrauch\ngestattet. Soweit die Inhalte auf dieser Seite nicht vom Betreiber erstellt\nwurden, werden die Urheberrechte Dritter beachtet. Insbesondere werden Inhalte\nDritter als solche gekennzeichnet. Sollten Sie trotzdem auf eine\nUrheberrechtsverletzung aufmerksam werden, bitten wir um einen entsprechenden\nHinweis. Bei Bekanntwerden von Rechtsverletzungen werden wir derartige Inhalte\numgehend entfernen.<\/p>\n","protected":false},"excerpt":{"rendered":"<p>Angaben gem\u00e4\u00df \u00a75 TMG: Historische Maschinen Seelze e.V. Petersenstra\u00dfe 15 30926 Seelze Kontakt: Telefon: 0172 &#8211; 510 8250 eMail: info@hms-seelze.de Vertreten durch: Dieter Leinemann, Petersenstra\u00dfe 15, 30926 Seelze Registrierung: Eingetragen im Vereinsregister Amtsgericht Hannover Registernummer: VR 201 092 Verantwortlich f\u00fcr den Inhalt nach \u00a755, Absatz 2 RStV: Dieter Leinemann, Petersenstra\u00dfe 15, 30926 Seelze Disclaimer: Haftung [&hellip;]<\/p>\n","protected":false},"author":1,"featured_media":0,"parent":0,"menu_order":0,"comment_status":"closed","ping_status":"closed","template":"","meta":{"ngg_post_thumbnail":0,"footnotes":""},"class_list":["post-15","page","type-page","status-publish","hentry"],"_links":{"self":[{"href":"https:\/\/hms-seelze.de\/index.php?rest_route=\/wp\/v2\/pages\/15","targetHints":{"allow":["GET"]}}],"collection":[{"href":"https:\/\/hms-seelze.de\/index.php?rest_route=\/wp\/v2\/pages"}],"about":[{"href":"https:\/\/hms-seelze.de\/index.php?rest_route=\/wp\/v2\/types\/page"}],"author":[{"embeddable":true,"href":"https:\/\/hms-seelze.de\/index.php?rest_route=\/wp\/v2\/users\/1"}],"replies":[{"embeddable":true,"href":"https:\/\/hms-seelze.de\/index.php?rest_route=%2Fwp%2Fv2%2Fcomments&post=15"}],"version-history":[{"count":7,"href":"https:\/\/hms-seelze.de\/index.php?rest_route=\/wp\/v2\/pages\/15\/revisions"}],"predecessor-version":[{"id":674,"href":"https:\/\/hms-seelze.de\/index.php?rest_route=\/wp\/v2\/pages\/15\/revisions\/674"}],"wp:attachment":[{"href":"https:\/\/hms-seelze.de\/index.php?rest_route=%2Fwp%2Fv2%2Fmedia&parent=15"}],"curies":[{"name":"wp","href":"https:\/\/api.w.org\/{rel}","templated":true}]}}