{"id":43,"date":"2018-12-06T20:44:22","date_gmt":"2018-12-06T20:44:22","guid":{"rendered":"http:\/\/hms-seelze.de\/?page_id=43"},"modified":"2018-12-06T20:44:22","modified_gmt":"2018-12-06T20:44:22","slug":"datenschutz","status":"publish","type":"page","link":"https:\/\/hms-seelze.de\/?page_id=43","title":{"rendered":"Datenschutz"},"content":{"rendered":"\n<p><strong>Datenschutz<\/strong><\/p>\n\n\n\n<p>Die\nBetreiber dieser Seiten nehmen den Schutz Ihrer pers\u00f6nlichen Daten sehr ernst.\nWir behandeln Ihre personenbezogenen Daten vertraulich und entsprechend der\ngesetzlichen Datenschutzvorschriften sowie dieser Datenschutzerkl\u00e4rung.<\/p>\n\n\n\n<p>Die Nutzung unserer\nWebseite ist in der Regel ohne Angabe personenbezogener Daten m\u00f6glich. Soweit\nauf unseren Seiten personenbezogene Daten (beispielsweise Name, Anschrift oder\nE-Mail-Adressen) erhoben werden, erfolgt dies, soweit m\u00f6glich, stets auf\nfreiwilliger Basis. Diese Daten werden ohne Ihre ausdr\u00fcckliche Zustimmung nicht\nan Dritte weitergegeben.<\/p>\n\n\n\n<p>Wir weisen\ndarauf hin, dass die Daten\u00fcbertragung im Internet (z.B. bei der Kommunikation\nper E-Mail) Sicherheitsl\u00fccken aufweisen kann. Ein l\u00fcckenloser Schutz der Daten\nvor dem Zugriff durch Dritte ist nicht m\u00f6glich.<\/p>\n\n\n\n<p><strong>Auskunft, L\u00f6schung, Sperrung<\/strong><\/p>\n\n\n\n<p>Sie haben\njederzeit das Recht auf unentgeltliche Auskunft \u00fcber Ihre gespeicherten\npersonenbezogenen Daten, deren Herkunft und Empf\u00e4nger und den Zweck der\nDatenverarbeitung sowie ein Recht auf Berichtigung, Sperrung oder L\u00f6schung\ndieser Daten. Hierzu sowie zu weiteren Fragen zum Thema personenbezogene Daten\nk\u00f6nnen Sie sich jederzeit unter der im Impressum angegebenen Adresse an uns\nwenden.<\/p>\n\n\n\n<p><strong>Cookies<\/strong><\/p>\n\n\n\n<p>Die\nInternetseiten verwenden teilweise so genannte Cookies. Cookies richten auf\nIhrem Rechner keinen Schaden an und enthalten keine Viren. Cookies dienen dazu,\nunser Angebot nutzerfreundlicher, effektiver und sicherer zu machen. Cookies\nsind kleine Textdateien, die auf Ihrem Rechner abgelegt werden und die Ihr\nBrowser speichert.<\/p>\n\n\n\n<p>Die meisten\nder von uns verwendeten Cookies sind so genannte \u201eSession-Cookies\u201c. Sie werden\nnach Ende Ihres Besuchs automatisch gel\u00f6scht. Andere Cookies bleiben auf Ihrem\nEndger\u00e4t gespeichert, bis Sie diese l\u00f6schen. Diese Cookies erm\u00f6glichen es uns,\nIhren Browser beim n\u00e4chsten Besuch wiederzuerkennen.<\/p>\n\n\n\n<p>Sie k\u00f6nnen\nIhren Browser so einstellen, dass Sie \u00fcber das Setzen von Cookies informiert\nwerden und Cookies nur im Einzelfall erlauben, die Annahme von Cookies f\u00fcr\nbestimmte F\u00e4lle oder generell ausschlie\u00dfen sowie das automatische L\u00f6schen der\nCookies beim Schlie\u00dfen des Browser aktivieren. Bei der Deaktivierung von\nCookies kann die Funktionalit\u00e4t dieser Website eingeschr\u00e4nkt sein.<\/p>\n\n\n\n<p><strong>Server-Log-Files<\/strong><\/p>\n\n\n\n<p>Der Provider\nder Seiten erhebt und speichert automatisch Informationen in so genannten\nServer-Log Files, die Ihr Browser automatisch an uns \u00fcbermittelt. Dies sind:<\/p>\n\n\n\n<ul class=\"wp-block-list\"><li>Browsertyp \/ Browserversion<\/li><li>verwendetes Betriebssystem<\/li><li>Refferer URL<\/li><li>Hostname des zugreifenden\n     Rechners<\/li><li>Uhrzeit der Serveranfrage<\/li><li>IP Adresse<\/li><\/ul>\n\n\n\n<p>Diese Daten\nsind nicht bestimmten Personen zuordenbar. Eine Zusammenf\u00fchrung dieser Daten\nmit anderen Datenquellen wird nicht vorgenommen. Wir behalten uns vor, diese\nDaten nachtr\u00e4glich zu pr\u00fcfen, wenn uns konkrete Anhaltspunkte f\u00fcr eine rechtswidrige\nNutzung bekannt werden.<\/p>\n","protected":false},"excerpt":{"rendered":"<p>Datenschutz Die Betreiber dieser Seiten nehmen den Schutz Ihrer pers\u00f6nlichen Daten sehr ernst. Wir behandeln Ihre personenbezogenen Daten vertraulich und entsprechend der gesetzlichen Datenschutzvorschriften sowie dieser Datenschutzerkl\u00e4rung. Die Nutzung unserer Webseite ist in der Regel ohne Angabe personenbezogener Daten m\u00f6glich. Soweit auf unseren Seiten personenbezogene Daten (beispielsweise Name, Anschrift oder E-Mail-Adressen) erhoben werden, erfolgt dies, [&hellip;]<\/p>\n","protected":false},"author":1,"featured_media":0,"parent":0,"menu_order":0,"comment_status":"closed","ping_status":"closed","template":"","meta":{"ngg_post_thumbnail":0,"footnotes":""},"class_list":["post-43","page","type-page","status-publish","hentry"],"_links":{"self":[{"href":"https:\/\/hms-seelze.de\/index.php?rest_route=\/wp\/v2\/pages\/43","targetHints":{"allow":["GET"]}}],"collection":[{"href":"https:\/\/hms-seelze.de\/index.php?rest_route=\/wp\/v2\/pages"}],"about":[{"href":"https:\/\/hms-seelze.de\/index.php?rest_route=\/wp\/v2\/types\/page"}],"author":[{"embeddable":true,"href":"https:\/\/hms-seelze.de\/index.php?rest_route=\/wp\/v2\/users\/1"}],"replies":[{"embeddable":true,"href":"https:\/\/hms-seelze.de\/index.php?rest_route=%2Fwp%2Fv2%2Fcomments&post=43"}],"version-history":[{"count":1,"href":"https:\/\/hms-seelze.de\/index.php?rest_route=\/wp\/v2\/pages\/43\/revisions"}],"predecessor-version":[{"id":44,"href":"https:\/\/hms-seelze.de\/index.php?rest_route=\/wp\/v2\/pages\/43\/revisions\/44"}],"wp:attachment":[{"href":"https:\/\/hms-seelze.de\/index.php?rest_route=%2Fwp%2Fv2%2Fmedia&parent=43"}],"curies":[{"name":"wp","href":"https:\/\/api.w.org\/{rel}","templated":true}]}}