{"id":45,"date":"2018-12-06T20:45:03","date_gmt":"2018-12-06T20:45:03","guid":{"rendered":"http:\/\/hms-seelze.de\/?page_id=45"},"modified":"2025-01-05T19:55:47","modified_gmt":"2025-01-05T19:55:47","slug":"wir-ueber-uns","status":"publish","type":"page","link":"https:\/\/hms-seelze.de\/?page_id=45","title":{"rendered":"Wir \u00fcber uns"},"content":{"rendered":"\n<p><strong>Wir \u00fcber uns<\/strong><\/p>\n\n\n\n<p>Aus einer\nspontanen Idee heraus und die Leidenschaft f\u00fcr alte Trecker sowie\nlandwirtschaftliche Ger\u00e4te und Maschinen wurde der Verein Historische Maschinen\nSeelze e.V. gegr\u00fcndet und ins Vereinsregister eingetragen.<\/p>\n\n\n\n<p>Oberstes\nZiel und Zweck des Vereins ist die F\u00f6rderung und Betreuung der ideellen\nInteressen des Kraftfahrtwesens insbesondere f\u00fcr historische Fahrzeuge aller\nArt, aber auch landwirtschaftliche Maschinen.<\/p>\n\n\n\n<p>Der Verein\nwird sich f\u00fcr den st\u00e4ndigen Austausch von Erfahrungen mit seinen Mitgliedern\nf\u00fcr das Wesen und die Bedeutung historischer Fahrzeuge einsetzen.<\/p>\n\n\n\n<hr class=\"wp-block-separator has-css-opacity\"\/>\n\n\n\n<p><strong>Die Ansprechpartner unseres Vereins Historische\nMaschinen Seelze e.V. sind:<\/strong><\/p>\n\n\n\n<p><strong>1. Vorsitzender<\/strong><\/p>\n\n\n\n<p>Dieter Leinemann<\/p>\n\n\n\n<p>e-Mail: <a href=\"mailto:info@hms-seelze.de\">info@hms-seelze.de<\/a><\/p>\n\n\n\n<p>Telefon: 0172 &#8211; 510 8250<\/p>\n\n\n\n<p><strong>2. Vorsitzender<\/strong><\/p>\n\n\n\n<p>Gustav Harste<\/p>\n\n\n\n<p><strong>3. Vorsitzender<\/strong><\/p>\n\n\n\n<p>Peter Blume<\/p>\n\n\n\n<p><strong>Schriftf\u00fchrer<\/strong><\/p>\n\n\n\n<p>Friedel Lohmann<\/p>\n\n\n\n<p><strong>Kassenwart<\/strong><\/p>\n\n\n\n<p>Sven Wagner<\/p>\n\n\n\n<hr class=\"wp-block-separator has-css-opacity\"\/>\n\n\n\n<p><strong>Der Satzungszweck<\/strong><\/p>\n\n\n\n<p>Der\nSatzungszweck wird verwirklicht durch die Pflege und F\u00f6rderung des Sammelns und\nder Erhaltung historischer Maschinen, deren Beschreibung und weiterer technischer\nUnterlagen, insbesondere landwirtschaftliche Zugmaschinen sowie durch\nRestaurieren, Vorf\u00fchren und Ausstellung der historischen Landmaschinen in der\n\u00d6ffentlichkeit, um damit technisches Interesse zu wecken und Erfinder- und\nPioniergeist zu demonstrieren.<\/p>\n\n\n\n<p>Um diese\nZielsetzung zu erreichen halten die Mitglieder eine gro\u00dfe Anzahl an Traktoren\nvieler bekannter Hersteller vor. Auch landwirtschaftliche Maschinen und Ger\u00e4te\nsind im Besitz des Vereins.<\/p>\n\n\n\n<p>Innerhalb\ndes Vereinslebens pflegen wir ein reges Miteinander. Probleme bei der\nRestaurierung werden hier gemeinsam gel\u00f6st.<\/p>\n\n\n\n<p>Im Verein\nHistorische Maschinen Seelze e.V. haben wir auch weibliche Mitglieder.<\/p>\n\n\n\n<p>Haben wir\nihr Interesse geweckt, Sie haben Fragen an den Verein, so nehmen Sie <a href=\"mailto:info@hms-seelze.de\">Kontakt<\/a> zu uns auf.<\/p>\n\n\n<p style=\"text-align: center;\"><strong>Nachruf von Hans-Heinrich-Hilgert<\/strong><\/p>\n<p><img loading=\"lazy\" decoding=\"async\" class=\"alignnone size-large wp-image-493 aligncenter\" src=\"http:\/\/hms-seelze.de\/wp-content\/uploads\/2023\/04\/Hansi-1024x781.png\" alt=\"\" width=\"1024\" height=\"781\" srcset=\"https:\/\/hms-seelze.de\/wp-content\/uploads\/2023\/04\/Hansi-1024x781.png 1024w, https:\/\/hms-seelze.de\/wp-content\/uploads\/2023\/04\/Hansi-300x229.png 300w, https:\/\/hms-seelze.de\/wp-content\/uploads\/2023\/04\/Hansi-768x586.png 768w, https:\/\/hms-seelze.de\/wp-content\/uploads\/2023\/04\/Hansi-1536x1172.png 1536w, https:\/\/hms-seelze.de\/wp-content\/uploads\/2023\/04\/Hansi.png 1940w\" sizes=\"auto, (max-width: 1024px) 100vw, 1024px\" \/><\/p>\n<p style=\"text-align: center;\">Quelle: HAZ Lokalredaktion Seelze, Sandra Remmer, Ausgabe vom 13.04.2023<\/p>","protected":false},"excerpt":{"rendered":"<p>Wir \u00fcber uns Aus einer spontanen Idee heraus und die Leidenschaft f\u00fcr alte Trecker sowie landwirtschaftliche Ger\u00e4te und Maschinen wurde der Verein Historische Maschinen Seelze e.V. gegr\u00fcndet und ins Vereinsregister eingetragen. Oberstes Ziel und Zweck des Vereins ist die F\u00f6rderung und Betreuung der ideellen Interessen des Kraftfahrtwesens insbesondere f\u00fcr historische Fahrzeuge aller Art, aber auch [&hellip;]<\/p>\n","protected":false},"author":1,"featured_media":0,"parent":0,"menu_order":0,"comment_status":"closed","ping_status":"closed","template":"","meta":{"ngg_post_thumbnail":0,"footnotes":""},"class_list":["post-45","page","type-page","status-publish","hentry"],"_links":{"self":[{"href":"https:\/\/hms-seelze.de\/index.php?rest_route=\/wp\/v2\/pages\/45","targetHints":{"allow":["GET"]}}],"collection":[{"href":"https:\/\/hms-seelze.de\/index.php?rest_route=\/wp\/v2\/pages"}],"about":[{"href":"https:\/\/hms-seelze.de\/index.php?rest_route=\/wp\/v2\/types\/page"}],"author":[{"embeddable":true,"href":"https:\/\/hms-seelze.de\/index.php?rest_route=\/wp\/v2\/users\/1"}],"replies":[{"embeddable":true,"href":"https:\/\/hms-seelze.de\/index.php?rest_route=%2Fwp%2Fv2%2Fcomments&post=45"}],"version-history":[{"count":12,"href":"https:\/\/hms-seelze.de\/index.php?rest_route=\/wp\/v2\/pages\/45\/revisions"}],"predecessor-version":[{"id":676,"href":"https:\/\/hms-seelze.de\/index.php?rest_route=\/wp\/v2\/pages\/45\/revisions\/676"}],"wp:attachment":[{"href":"https:\/\/hms-seelze.de\/index.php?rest_route=%2Fwp%2Fv2%2Fmedia&parent=45"}],"curies":[{"name":"wp","href":"https:\/\/api.w.org\/{rel}","templated":true}]}}